{"id":11825,"date":"2025-06-15T10:41:51","date_gmt":"2025-06-15T08:41:51","guid":{"rendered":"https:\/\/capinfos.fr\/?page_id=11825"},"modified":"2025-06-15T11:02:19","modified_gmt":"2025-06-15T09:02:19","slug":"cap-infos-2025","status":"publish","type":"page","link":"https:\/\/capinfos.fr\/","title":{"rendered":"Cap infos 2025"},"content":{"rendered":"\n<p><code><div class=\"_df_book df-lite\" id=\"df_11832\"  data-title=\"\" _slug=\"cap-infos-2025\" wpoptions=\"true\" thumb=\"https:\/\/capinfos.fr\/wp-content\/uploads\/2025\/06\/SlideShow_Couverture_CAPINFOS_2025_v05_Page_1-1.png\" thumbtype=\"\" ><\/div><script class=\"df-shortcode-script\" type=\"application\/javascript\">window.option_df_11832 = {\"outline\":[],\"backgroundColor\":\"#FFF\",\"height\":\"800\",\"autoEnableOutline\":\"false\",\"autoEnableThumbnail\":\"false\",\"overwritePDFOutline\":\"false\",\"direction\":\"1\",\"pageSize\":\"0\",\"source\":\"https:\\\/\\\/capinfos.fr\\\/wp-content\\\/uploads\\\/2025\\\/06\\\/CAPINFOS_2025_132_pages_72ppp_eleve.pdf\",\"wpOptions\":\"true\"}; if(window.DFLIP && window.DFLIP.parseBooks){window.DFLIP.parseBooks();}<\/script><\/code><\/p>\n\n\n\n<p><\/p>\n\n\n\n<h1 class=\"has-luminous-vivid-orange-color has-text-color\">Cap sur la douceur de vivre \u2026<\/h1>\n\n\n\n<p>Vous les avez attendues ces vacances !! Quand toute l\u2019ann\u00e9e on vous dicte la marche \u00e0 suivre&nbsp;: d\u00e9placez-vous en bus ou \u00e0 v\u00e9lo pour votre sant\u00e9, chauffez votre int\u00e9rieur \u00e0 19 degr\u00e9s, encadrez vos ados, limitez les aliments gras, sal\u00e9s, sucr\u00e9s, mangez \u00e9quilibr\u00e9, toutes les deux heures la pause s\u2019impose\u2026et si on oubliait tout \u00e7a&nbsp;!<br>Ces injonctions qui rythment chaque instant de nos vies sont d\u00e9sormais bien int\u00e9gr\u00e9es \u00e0 nos habitudes. Il est temps de profiter pleinement de l\u2019instant\u2026 laissez vos envies vous guider, et,red\u00e9couvrez le plaisir de vivre \u00e0 votre rythme, profitez-en!<\/p>\n\n\n\n<p>La ville d\u2019Agde est bien plus qu\u2019une simple destination touristique&nbsp;: c\u2019est un v\u00e9ritable art de vivre qui s\u2019\u00e9panouit toute l\u2019ann\u00e9e, riche et actif.<br>Que vous soyez un habitant ou un vacancier chanceux, le charme peut op\u00e9rer instantan\u00e9ment, il suffit d\u2019aller le trouver.<br>Il y a le Cap d\u2019Agde, son centre port vivant toute l\u2019ann\u00e9e, m\u00eame quand les attractions sont ferm\u00e9es, et ses commer\u00e7ants accueillants depuis l\u2019Avenue des Sergents.<\/p>\n\n\n\n<p>Le centre-ville vous accueille avec sa fra\u00eecheur et son ambiance conviviale. Les places et rues s\u2019animent au gr\u00e9 de la saison, o\u00f9 se m\u00ealent spectacles, concerts et festivit\u00e9s locales, entour\u00e9es de commerces vari\u00e9s tous chaleureux et accueillants toute l\u2019ann\u00e9e.<br>Laissez-vous s\u00e9duire par les march\u00e9s et ses produits du terroir\u2026De v\u00e9ritables promenades pleines de surprises.<\/p>\n\n\n\n<p>L\u2019\u00e9t\u00e9, la station se transforme en un terrain de jeux infini&nbsp;: plages dor\u00e9es pour les amateurs de farniente, parcs d\u2019attractions pour les familles, discoth\u00e8ques o\u00f9 la musique r\u00e9sonne jusqu\u2019au bout de la nuit, et un large \u00e9ventail de sports et activit\u00e9s nautiques pour les plus aventureux\u2026 Chaque g\u00e9n\u00e9ration y trouvera son bonheur&nbsp;!<br>Sans oublier l\u2019architecture et son patrimoine, de v\u00e9ritables joyaux qui racontent l\u2019histoire riche de notre cit\u00e9.<\/p>\n\n\n\n<p>Que vous soyez en qu\u00eate de repos, d\u2019aventures ou de d\u00e9couvertes culturelles, la cit\u00e9 d\u2019Agde est un v\u00e9ritable havre de paix et d\u2019\u00e9nergie&nbsp;!<br>Les diff\u00e9rents coins de la ville continuent de se r\u00e9inventer avec passion, fid\u00e8le \u00e0 leur vocation d\u2019embellir vos vacances et vous permettre d\u2019 y passer de bons moments.<\/p>\n\n\n\n<p>Et en cette ann\u00e9e 2025, on en profite \u00e9galement pour souhaiter un joyeux anniversaire au Mus\u00e9e Agathois qui souffle ses 90 bougies et au Mus\u00e9e de l\u2019Eph\u00e8be qui f\u00eate ses 40 ans&nbsp;!<br>Le temps passe certes, mais il semble s\u2019arr\u00eater pour vous offrir des instants inoubliables\u2026<br>Et n\u2019oubliez pas, nos annonceurs sont vos meilleurs alli\u00e9s pour vos vacances. N\u2019h\u00e9sitez pas \u00e0 leur faire confiance&nbsp;!<\/p>\n\n\n\n<h2 class=\"has-luminous-vivid-orange-color has-text-color\">Bonnes vacances\u2026<\/h2>\n\n\n\n<h4>Paul-Eric Laures<\/h4>\n\n\n\n<hr class=\"wp-block-separator\"\/>\n\n\n\n<figure class=\"wp-block-gallery columns-4 is-cropped\"><ul class=\"blocks-gallery-grid\"><li class=\"blocks-gallery-item\"><figure><img loading=\"lazy\" width=\"450\" height=\"579\" src=\"https:\/\/capinfos.fr\/wp-content\/uploads\/2025\/06\/Couverture_CAPINFOS_2025_v05_01.jpg\" alt=\"\" data-id=\"11859\" data-full-url=\"https:\/\/capinfos.fr\/wp-content\/uploads\/2025\/06\/Couverture_CAPINFOS_2025_v05_01.jpg\" data-link=\"https:\/\/capinfos.fr\/index.php\/cap-infos-2025\/couverture_capinfos_2025_v05_01\/\" class=\"wp-image-11859\" srcset=\"https:\/\/capinfos.fr\/wp-content\/uploads\/2025\/06\/Couverture_CAPINFOS_2025_v05_01.jpg 450w, https:\/\/capinfos.fr\/wp-content\/uploads\/2025\/06\/Couverture_CAPINFOS_2025_v05_01-233x300.jpg 233w\" sizes=\"(max-width: 450px) 100vw, 450px\" \/><\/figure><\/li><li class=\"blocks-gallery-item\"><figure><img loading=\"lazy\" width=\"450\" height=\"579\" src=\"https:\/\/capinfos.fr\/wp-content\/uploads\/2025\/06\/Couverture_CAPINFOS_2025_v05_02.jpg\" alt=\"\" data-id=\"11860\" data-full-url=\"https:\/\/capinfos.fr\/wp-content\/uploads\/2025\/06\/Couverture_CAPINFOS_2025_v05_02.jpg\" data-link=\"https:\/\/capinfos.fr\/index.php\/cap-infos-2025\/couverture_capinfos_2025_v05_02\/\" class=\"wp-image-11860\" srcset=\"https:\/\/capinfos.fr\/wp-content\/uploads\/2025\/06\/Couverture_CAPINFOS_2025_v05_02.jpg 450w, https:\/\/capinfos.fr\/wp-content\/uploads\/2025\/06\/Couverture_CAPINFOS_2025_v05_02-233x300.jpg 233w\" sizes=\"(max-width: 450px) 100vw, 450px\" \/><\/figure><\/li><li class=\"blocks-gallery-item\"><figure><img loading=\"lazy\" width=\"450\" height=\"579\" src=\"https:\/\/capinfos.fr\/wp-content\/uploads\/2025\/06\/Couverture_CAPINFOS_2025_v05-03.jpg\" alt=\"\" data-id=\"11862\" data-full-url=\"https:\/\/capinfos.fr\/wp-content\/uploads\/2025\/06\/Couverture_CAPINFOS_2025_v05-03.jpg\" data-link=\"https:\/\/capinfos.fr\/index.php\/cap-infos-2025\/couverture_capinfos_2025_v05-03\/\" class=\"wp-image-11862\" srcset=\"https:\/\/capinfos.fr\/wp-content\/uploads\/2025\/06\/Couverture_CAPINFOS_2025_v05-03.jpg 450w, https:\/\/capinfos.fr\/wp-content\/uploads\/2025\/06\/Couverture_CAPINFOS_2025_v05-03-233x300.jpg 233w\" sizes=\"(max-width: 450px) 100vw, 450px\" \/><\/figure><\/li><li class=\"blocks-gallery-item\"><figure><img loading=\"lazy\" width=\"450\" height=\"579\" src=\"https:\/\/capinfos.fr\/wp-content\/uploads\/2025\/06\/Couverture_CAPINFOS_2025_v05_04.jpg\" alt=\"\" data-id=\"11861\" data-full-url=\"https:\/\/capinfos.fr\/wp-content\/uploads\/2025\/06\/Couverture_CAPINFOS_2025_v05_04.jpg\" data-link=\"https:\/\/capinfos.fr\/index.php\/cap-infos-2025\/couverture_capinfos_2025_v05_04\/\" class=\"wp-image-11861\" srcset=\"https:\/\/capinfos.fr\/wp-content\/uploads\/2025\/06\/Couverture_CAPINFOS_2025_v05_04.jpg 450w, https:\/\/capinfos.fr\/wp-content\/uploads\/2025\/06\/Couverture_CAPINFOS_2025_v05_04-233x300.jpg 233w\" sizes=\"(max-width: 450px) 100vw, 450px\" \/><\/figure><\/li><\/ul><\/figure>\n","protected":false},"excerpt":{"rendered":"<p>Cap sur la douceur de vivre \u2026 Vous les avez attendues ces vacances !! Quand toute l\u2019ann\u00e9e on vous dicte la marche \u00e0 suivre&nbsp;: d\u00e9placez-vous en bus ou \u00e0 v\u00e9lo pour votre sant\u00e9, chauffez votre int\u00e9rieur \u00e0 19 degr\u00e9s, encadrez vos ados, limitez les aliments gras, sal\u00e9s, sucr\u00e9s, mangez \u00e9quilibr\u00e9, toutes les deux heures la [&hellip;]<\/p>\n","protected":false},"author":1,"featured_media":0,"parent":0,"menu_order":0,"comment_status":"closed","ping_status":"closed","template":"","meta":[],"_links":{"self":[{"href":"https:\/\/capinfos.fr\/index.php\/wp-json\/wp\/v2\/pages\/11825"}],"collection":[{"href":"https:\/\/capinfos.fr\/index.php\/wp-json\/wp\/v2\/pages"}],"about":[{"href":"https:\/\/capinfos.fr\/index.php\/wp-json\/wp\/v2\/types\/page"}],"author":[{"embeddable":true,"href":"https:\/\/capinfos.fr\/index.php\/wp-json\/wp\/v2\/users\/1"}],"replies":[{"embeddable":true,"href":"https:\/\/capinfos.fr\/index.php\/wp-json\/wp\/v2\/comments?post=11825"}],"version-history":[{"count":14,"href":"https:\/\/capinfos.fr\/index.php\/wp-json\/wp\/v2\/pages\/11825\/revisions"}],"predecessor-version":[{"id":11864,"href":"https:\/\/capinfos.fr\/index.php\/wp-json\/wp\/v2\/pages\/11825\/revisions\/11864"}],"wp:attachment":[{"href":"https:\/\/capinfos.fr\/index.php\/wp-json\/wp\/v2\/media?parent=11825"}],"curies":[{"name":"wp","href":"https:\/\/api.w.org\/{rel}","templated":true}]}}